{"id":3130,"date":"2017-05-18T11:47:36","date_gmt":"2017-05-18T11:47:36","guid":{"rendered":"http:\/\/rcr-pro.eu\/home\/"},"modified":"2020-02-29T09:18:24","modified_gmt":"2020-02-29T08:18:24","slug":"home","status":"publish","type":"page","link":"https:\/\/rcr-pro.eu\/en\/","title":{"rendered":"Home"},"content":{"rendered":"<section class=\"wpb-content-wrapper\"><p>[vc_row dfd_row_config=&#8221;full_width_content&#8221; extra_css_styles=&#8221;z-index: -1;&#8221;][vc_column][rev_slider_vc alias=&#8221;building-1&#8243;][\/vc_column][\/vc_row][vc_row dfd_row_responsive_enable=&#8221;dfd-row-responsive-enable&#8221; responsive_styles=&#8221;padding_left_desktop:20|padding_right_desktop:20|padding_left_tablet:20|padding_right_tablet:20|padding_left_mobile:20|padding_right_mobile:20&#8243;][vc_column dfd_column_responsive_enable=&#8221;dfd-column-responsive-enable&#8221; css=&#8221;.vc_custom_1495444041547{margin-top: -110px !important;}&#8221; col_shadow=&#8221;box_shadow_enable:disable|shadow_horizontal:0|shadow_vertical:15|shadow_blur:50|shadow_spread:0|box_shadow_color:rgba(0%2C0%2C0%2C0.35)&#8221; col_shadow_hover=&#8221;box_shadow_enable:disable|shadow_horizontal:0|shadow_vertical:15|shadow_blur:50|shadow_spread:0|box_shadow_color:rgba(0%2C0%2C0%2C0.35)&#8221; responsive_styles=&#8221;margin_top_mobile:0&#8243;][vc_row_inner][vc_column_inner width=&#8221;1\/4&#8243; dfd_column_responsive_enable=&#8221;dfd-column-responsive-enable&#8221; css=&#8221;.vc_custom_1579922201517{padding-right: 2% !important;padding-left: 2% !important;background-color: #f2f2f2 !important;}&#8221; col_inner_shadow=&#8221;box_shadow_enable:disable|shadow_horizontal:0|shadow_vertical:15|shadow_blur:50|shadow_spread:0|box_shadow_color:rgba(0%2C0%2C0%2C0.35)&#8221; col_inner_shadow_hover=&#8221;box_shadow_enable:disable|shadow_horizontal:0|shadow_vertical:15|shadow_blur:50|shadow_spread:0|box_shadow_color:rgba(0%2C0%2C0%2C0.35)&#8221; responsive_styles=&#8221;padding_left_tablet:20|padding_right_tablet:20|padding_left_mobile:20|padding_right_mobile:20&#8243;][dfd_spacer screen_wide_spacer_size=&#8221;50&#8243; screen_normal_resolution=&#8221;1280&#8243; screen_tablet_resolution=&#8221;1024&#8243; screen_mobile_resolution=&#8221;800&#8243; screen_normal_spacer_size=&#8221;50&#8243; screen_tablet_spacer_size=&#8221;50&#8243; screen_mobile_spacer_size=&#8221;60&#8243;][dfd_info_box content_alignment=&#8221;text-left&#8221; module_animation=&#8221;transition.slideDownBigIn&#8221; title=&#8221;PUM-O&#8221; subtitle=&#8221;&#8221; main_content=&#8221;Project-based teaching<br \/>\nfor young adults,<br \/>\ndevelopment of<br \/>\nhuman resources.&#8221; ic_dfd_icons=&#8221;dfd-socicon-group-profile-users&#8221; main_style=&#8221;style-1&#8243; main_layout=&#8221;layout-1&#8243; undefined=&#8221;&#8221; title_font_options=&#8221;tag:div&#8221; title_responsive=&#8221;font_size_tablet:20|font_size_mobile:22|line_height_mobile:25&#8243; icon_color=&#8221;#00a950&#8243;][dfd_spacer screen_wide_spacer_size=&#8221;50&#8243; screen_normal_resolution=&#8221;1280&#8243; screen_tablet_resolution=&#8221;1024&#8243; screen_mobile_resolution=&#8221;800&#8243; screen_normal_spacer_size=&#8221;50&#8243; screen_tablet_spacer_size=&#8221;50&#8243; screen_mobile_spacer_size=&#8221;60&#8243;][\/vc_column_inner][vc_column_inner width=&#8221;1\/4&#8243; dfd_column_responsive_enable=&#8221;dfd-column-responsive-enable&#8221; css=&#8221;.vc_custom_1579922212308{padding-right: 2% !important;padding-left: 2% !important;background-color: #00a950 !important;}&#8221; col_inner_shadow=&#8221;box_shadow_enable:disable|shadow_horizontal:0|shadow_vertical:15|shadow_blur:50|shadow_spread:0|box_shadow_color:rgba(0%2C0%2C0%2C0.35)&#8221; col_inner_shadow_hover=&#8221;box_shadow_enable:disable|shadow_horizontal:0|shadow_vertical:15|shadow_blur:50|shadow_spread:0|box_shadow_color:rgba(0%2C0%2C0%2C0.35)&#8221; responsive_styles=&#8221;padding_left_tablet:20|padding_right_tablet:20|padding_left_mobile:20|padding_right_mobile:20&#8243;][dfd_spacer screen_wide_spacer_size=&#8221;50&#8243; screen_normal_resolution=&#8221;1280&#8243; screen_tablet_resolution=&#8221;1024&#8243; screen_mobile_resolution=&#8221;800&#8243; screen_normal_spacer_size=&#8221;50&#8243; screen_tablet_spacer_size=&#8221;50&#8243; screen_mobile_spacer_size=&#8221;60&#8243;][dfd_info_box content_alignment=&#8221;text-left&#8221; module_animation=&#8221;transition.slideDownBigIn&#8221; title=&#8221;Project management office&#8221; subtitle=&#8221;&#8221; main_content=&#8221;Eligibility analysis, consultancy,<br \/>\npreparation of applications,<br \/>\nreporting and monitoring of projects.&#8221; main_style=&#8221;style-1&#8243; main_layout=&#8221;layout-1&#8243; undefined=&#8221;&#8221; title_font_options=&#8221;tag:div|color:%23ffffff&#8221; font_options=&#8221;color:%23ffffff&#8221; title_responsive=&#8221;font_size_tablet:20|font_size_mobile:22|line_height_mobile:25&#8243;][dfd_spacer screen_wide_spacer_size=&#8221;50&#8243; screen_normal_resolution=&#8221;1280&#8243; screen_tablet_resolution=&#8221;1024&#8243; screen_mobile_resolution=&#8221;800&#8243; screen_normal_spacer_size=&#8221;50&#8243; screen_tablet_spacer_size=&#8221;50&#8243; screen_mobile_spacer_size=&#8221;60&#8243;][\/vc_column_inner][vc_column_inner width=&#8221;1\/4&#8243; dfd_column_responsive_enable=&#8221;dfd-column-responsive-enable&#8221; css=&#8221;.vc_custom_1579922223004{padding-right: 2% !important;padding-left: 2% !important;background-color: #3498db !important;}&#8221; col_inner_shadow=&#8221;box_shadow_enable:disable|shadow_horizontal:0|shadow_vertical:15|shadow_blur:50|shadow_spread:0|box_shadow_color:rgba(0%2C0%2C0%2C0.35)&#8221; col_inner_shadow_hover=&#8221;box_shadow_enable:disable|shadow_horizontal:0|shadow_vertical:15|shadow_blur:50|shadow_spread:0|box_shadow_color:rgba(0%2C0%2C0%2C0.35)&#8221; responsive_styles=&#8221;padding_left_tablet:20|padding_right_tablet:20|padding_left_mobile:20|padding_right_mobile:20&#8243;][dfd_spacer screen_wide_spacer_size=&#8221;50&#8243; screen_normal_resolution=&#8221;1280&#8243; screen_tablet_resolution=&#8221;1024&#8243; screen_mobile_resolution=&#8221;800&#8243; screen_normal_spacer_size=&#8221;50&#8243; screen_tablet_spacer_size=&#8221;50&#8243; screen_mobile_spacer_size=&#8221;60&#8243;][dfd_info_box content_alignment=&#8221;text-left&#8221; module_animation=&#8221;transition.slideDownBigIn&#8221; title=&#8221;SIO 2020-2022&#8243; subtitle=&#8221;&#8221; main_content=&#8221;Promotional events,<br \/>\ninformation and consultancy,<br \/>\nmentoring, raising of<br \/>\ncompetences.&#8221; ic_dfd_icons=&#8221;dfd-socicon-puzzle-piece-silhouette&#8221; main_style=&#8221;style-1&#8243; main_layout=&#8221;layout-1&#8243; undefined=&#8221;&#8221; title_font_options=&#8221;tag:div|color:%23ffffff&#8221; font_options=&#8221;color:%23ffffff&#8221; title_responsive=&#8221;font_size_tablet:20|font_size_mobile:22|line_height_mobile:25&#8243; icon_color=&#8221;#ffffff&#8221;][dfd_spacer screen_wide_spacer_size=&#8221;50&#8243; screen_normal_resolution=&#8221;1280&#8243; screen_tablet_resolution=&#8221;1024&#8243; screen_mobile_resolution=&#8221;800&#8243; screen_normal_spacer_size=&#8221;50&#8243; screen_tablet_spacer_size=&#8221;50&#8243; screen_mobile_spacer_size=&#8221;60&#8243;][\/vc_column_inner][vc_column_inner width=&#8221;1\/4&#8243; css=&#8221;.vc_custom_1579922237756{padding-right: 2% !important;padding-left: 2% !important;background-color: #31343a !important;}&#8221; col_inner_shadow=&#8221;box_shadow_enable:disable|shadow_horizontal:0|shadow_vertical:15|shadow_blur:50|shadow_spread:0|box_shadow_color:rgba(0%2C0%2C0%2C0.35)&#8221; col_inner_shadow_hover=&#8221;box_shadow_enable:disable|shadow_horizontal:0|shadow_vertical:15|shadow_blur:50|shadow_spread:0|box_shadow_color:rgba(0%2C0%2C0%2C0.35)&#8221;][dfd_spacer screen_wide_spacer_size=&#8221;50&#8243; screen_normal_resolution=&#8221;1280&#8243; screen_tablet_resolution=&#8221;1024&#8243; screen_mobile_resolution=&#8221;800&#8243; screen_normal_spacer_size=&#8221;50&#8243; screen_tablet_spacer_size=&#8221;50&#8243; screen_mobile_spacer_size=&#8221;60&#8243;][dfd_info_box content_alignment=&#8221;text-left&#8221; module_animation=&#8221;transition.slideDownBigIn&#8221; title=&#8221;Rental of facilities&#8221; subtitle=&#8221;&#8221; main_content=&#8221;Inexpensive rental<br \/>\nof furnished office<br \/>\nand conference facilities,<br \/>\nparking spaces.&#8221; ic_dfd_icons=&#8221;dfd-socicon-building-front&#8221; main_style=&#8221;style-1&#8243; main_layout=&#8221;layout-1&#8243; undefined=&#8221;&#8221; title_font_options=&#8221;tag:div|color:%23ffffff&#8221; font_options=&#8221;color:%23ffffff&#8221; title_responsive=&#8221;font_size_tablet:20|font_size_mobile:22|line_height_mobile:25&#8243; icon_color=&#8221;#00a950&#8243;][dfd_spacer screen_wide_spacer_size=&#8221;50&#8243; screen_normal_resolution=&#8221;1280&#8243; screen_tablet_resolution=&#8221;1024&#8243; screen_mobile_resolution=&#8221;800&#8243; screen_normal_spacer_size=&#8221;50&#8243; screen_tablet_spacer_size=&#8221;50&#8243; screen_mobile_spacer_size=&#8221;60&#8243;][\/vc_column_inner][\/vc_row_inner][\/vc_column][\/vc_row]<\/p>\n<\/section>","protected":false},"excerpt":{"rendered":"<p>[vc_row dfd_row_config=&#8221;full_width_content&#8221; extra_css_styles=&#8221;z-index: -1;&#8221;][vc_column][rev_slider_vc alias=&#8221;building-1&#8243;][\/vc_column][\/vc_row][vc_row dfd_row_responsive_enable=&#8221;dfd-row-responsive-enable&#8221; responsive_styles=&#8221;padding_left_desktop:20|padding_right_desktop:20|padding_left_tablet:20|padding_right_tablet:20|padding_left_mobile:20|padding_right_mobile:20&#8243;][vc_column dfd_column_responsive_enable=&#8221;dfd-column-responsive-enable&#8221; css=&#8221;.vc_custom_1495444041547{margin-top: -110px !important;}&#8221; col_shadow=&#8221;box_shadow_enable:disable|shadow_horizontal:0|shadow_vertical:15|shadow_blur:50|shadow_spread:0|box_shadow_color:rgba(0%2C0%2C0%2C0.35)&#8221; col_shadow_hover=&#8221;box_shadow_enable:disable|shadow_horizontal:0|shadow_vertical:15|shadow_blur:50|shadow_spread:0|box_shadow_color:rgba(0%2C0%2C0%2C0.35)&#8221; responsive_styles=&#8221;margin_top_mobile:0&#8243;][vc_row_inner][vc_column_inner width=&#8221;1\/4&#8243; dfd_column_responsive_enable=&#8221;dfd-column-responsive-enable&#8221; css=&#8221;.vc_custom_1579922201517{padding-right: 2% !important;padding-left: 2% !important;background-color: #f2f2f2 !important;}&#8221; col_inner_shadow=&#8221;box_shadow_enable:disable|shadow_horizontal:0|shadow_vertical:15|shadow_blur:50|shadow_spread:0|box_shadow_color:rgba(0%2C0%2C0%2C0.35)&#8221; col_inner_shadow_hover=&#8221;box_shadow_enable:disable|shadow_horizontal:0|shadow_vertical:15|shadow_blur:50|shadow_spread:0|box_shadow_color:rgba(0%2C0%2C0%2C0.35)&#8221; responsive_styles=&#8221;padding_left_tablet:20|padding_right_tablet:20|padding_left_mobile:20|padding_right_mobile:20&#8243;][dfd_spacer screen_wide_spacer_size=&#8221;50&#8243; screen_normal_resolution=&#8221;1280&#8243; screen_tablet_resolution=&#8221;1024&#8243; screen_mobile_resolution=&#8221;800&#8243;<\/p>\n","protected":false},"author":1,"featured_media":0,"parent":0,"menu_order":0,"comment_status":"closed","ping_status":"closed","template":"","meta":{"footnotes":""},"yoast_head":"<!-- This site is optimized with the Yoast SEO plugin v23.5 - https:\/\/yoast.com\/wordpress\/plugins\/seo\/ -->\n<title>Regionalni center za razvoj - projektna pisarna, \u010dlove\u0161ki viri, razvojni center<\/title>\n<meta name=\"description\" content=\"Regionalni center za razvoj skrbi za razvoj podjetni\u0161tva v Zasavju in \u0161ir\u0161e, \u010dlove\u0161ke vire in nudi izku\u0161eno projektno pisarno, ter konferen\u010dne in podjetni\u0161ke prostore v Zagorju, Trbovljah in Hrastniku.\" \/>\n<meta name=\"robots\" content=\"index, follow, max-snippet:-1, max-image-preview:large, max-video-preview:-1\" \/>\n<link rel=\"canonical\" href=\"https:\/\/rcr-pro.eu\/\" \/>\n<meta property=\"og:locale\" content=\"en_US\" \/>\n<meta property=\"og:type\" content=\"article\" \/>\n<meta property=\"og:title\" content=\"Regionalni center za razvoj - projektna pisarna, \u010dlove\u0161ki viri, razvojni center\" \/>\n<meta property=\"og:description\" content=\"Regionalni center za razvoj skrbi za razvoj podjetni\u0161tva v Zasavju in \u0161ir\u0161e, \u010dlove\u0161ke vire in nudi izku\u0161eno projektno pisarno, ter konferen\u010dne in podjetni\u0161ke prostore v Zagorju, Trbovljah in Hrastniku.\" \/>\n<meta property=\"og:url\" content=\"https:\/\/rcr-pro.eu\/\" \/>\n<meta property=\"og:site_name\" content=\"Regionalni center za razvoj\" \/>\n<meta property=\"article:modified_time\" content=\"2020-02-29T08:18:24+00:00\" \/>\n<meta name=\"twitter:card\" content=\"summary_large_image\" \/>\n<meta name=\"twitter:label1\" content=\"Est. reading time\" \/>\n\t<meta name=\"twitter:data1\" content=\"4 minutes\" \/>\n<script type=\"application\/ld+json\" class=\"yoast-schema-graph\">{\"@context\":\"https:\/\/schema.org\",\"@graph\":[{\"@type\":\"WebPage\",\"@id\":\"https:\/\/rcr-pro.eu\/\",\"url\":\"https:\/\/rcr-pro.eu\/\",\"name\":\"Regionalni center za razvoj - projektna pisarna, \u010dlove\u0161ki viri, razvojni center\",\"isPartOf\":{\"@id\":\"https:\/\/rcr-pro.eu\/#website\"},\"datePublished\":\"2017-05-18T11:47:36+00:00\",\"dateModified\":\"2020-02-29T08:18:24+00:00\",\"description\":\"Regionalni center za razvoj skrbi za razvoj podjetni\u0161tva v Zasavju in \u0161ir\u0161e, \u010dlove\u0161ke vire in nudi izku\u0161eno projektno pisarno, ter konferen\u010dne in podjetni\u0161ke prostore v Zagorju, Trbovljah in Hrastniku.\",\"breadcrumb\":{\"@id\":\"https:\/\/rcr-pro.eu\/#breadcrumb\"},\"inLanguage\":\"en-US\",\"potentialAction\":[{\"@type\":\"ReadAction\",\"target\":[\"https:\/\/rcr-pro.eu\/\"]}]},{\"@type\":\"BreadcrumbList\",\"@id\":\"https:\/\/rcr-pro.eu\/#breadcrumb\",\"itemListElement\":[{\"@type\":\"ListItem\",\"position\":1,\"name\":\"Home\",\"item\":\"https:\/\/rcr-pro.eu\/\"},{\"@type\":\"ListItem\",\"position\":2,\"name\":\"Home\"}]},{\"@type\":\"WebSite\",\"@id\":\"https:\/\/rcr-pro.eu\/#website\",\"url\":\"https:\/\/rcr-pro.eu\/\",\"name\":\"Regionalni center za razvoj\",\"description\":\"Projektna pisarna, \u010dlove\u0161ki viri, najem prostorov\",\"publisher\":{\"@id\":\"https:\/\/rcr-pro.eu\/#organization\"},\"potentialAction\":[{\"@type\":\"SearchAction\",\"target\":{\"@type\":\"EntryPoint\",\"urlTemplate\":\"https:\/\/rcr-pro.eu\/?s={search_term_string}\"},\"query-input\":{\"@type\":\"PropertyValueSpecification\",\"valueRequired\":true,\"valueName\":\"search_term_string\"}}],\"inLanguage\":\"en-US\"},{\"@type\":\"Organization\",\"@id\":\"https:\/\/rcr-pro.eu\/#organization\",\"name\":\"Regionalni center za razvoj\",\"url\":\"https:\/\/rcr-pro.eu\/\",\"logo\":{\"@type\":\"ImageObject\",\"inLanguage\":\"en-US\",\"@id\":\"https:\/\/rcr-pro.eu\/#\/schema\/logo\/image\/\",\"url\":\"http:\/\/rcr-pro.eu\/wp-content\/uploads\/2017\/12\/RCR_logo.png\",\"contentUrl\":\"http:\/\/rcr-pro.eu\/wp-content\/uploads\/2017\/12\/RCR_logo.png\",\"width\":352,\"height\":57,\"caption\":\"Regionalni center za razvoj\"},\"image\":{\"@id\":\"https:\/\/rcr-pro.eu\/#\/schema\/logo\/image\/\"}}]}<\/script>\n<!-- \/ Yoast SEO plugin. -->","yoast_head_json":{"title":"Regionalni center za razvoj - projektna pisarna, \u010dlove\u0161ki viri, razvojni center","description":"Regionalni center za razvoj skrbi za razvoj podjetni\u0161tva v Zasavju in \u0161ir\u0161e, \u010dlove\u0161ke vire in nudi izku\u0161eno projektno pisarno, ter konferen\u010dne in podjetni\u0161ke prostore v Zagorju, Trbovljah in Hrastniku.","robots":{"index":"index","follow":"follow","max-snippet":"max-snippet:-1","max-image-preview":"max-image-preview:large","max-video-preview":"max-video-preview:-1"},"canonical":"https:\/\/rcr-pro.eu\/","og_locale":"en_US","og_type":"article","og_title":"Regionalni center za razvoj - projektna pisarna, \u010dlove\u0161ki viri, razvojni center","og_description":"Regionalni center za razvoj skrbi za razvoj podjetni\u0161tva v Zasavju in \u0161ir\u0161e, \u010dlove\u0161ke vire in nudi izku\u0161eno projektno pisarno, ter konferen\u010dne in podjetni\u0161ke prostore v Zagorju, Trbovljah in Hrastniku.","og_url":"https:\/\/rcr-pro.eu\/","og_site_name":"Regionalni center za razvoj","article_modified_time":"2020-02-29T08:18:24+00:00","twitter_card":"summary_large_image","twitter_misc":{"Est. reading time":"4 minutes"},"schema":{"@context":"https:\/\/schema.org","@graph":[{"@type":"WebPage","@id":"https:\/\/rcr-pro.eu\/","url":"https:\/\/rcr-pro.eu\/","name":"Regionalni center za razvoj - projektna pisarna, \u010dlove\u0161ki viri, razvojni center","isPartOf":{"@id":"https:\/\/rcr-pro.eu\/#website"},"datePublished":"2017-05-18T11:47:36+00:00","dateModified":"2020-02-29T08:18:24+00:00","description":"Regionalni center za razvoj skrbi za razvoj podjetni\u0161tva v Zasavju in \u0161ir\u0161e, \u010dlove\u0161ke vire in nudi izku\u0161eno projektno pisarno, ter konferen\u010dne in podjetni\u0161ke prostore v Zagorju, Trbovljah in Hrastniku.","breadcrumb":{"@id":"https:\/\/rcr-pro.eu\/#breadcrumb"},"inLanguage":"en-US","potentialAction":[{"@type":"ReadAction","target":["https:\/\/rcr-pro.eu\/"]}]},{"@type":"BreadcrumbList","@id":"https:\/\/rcr-pro.eu\/#breadcrumb","itemListElement":[{"@type":"ListItem","position":1,"name":"Home","item":"https:\/\/rcr-pro.eu\/"},{"@type":"ListItem","position":2,"name":"Home"}]},{"@type":"WebSite","@id":"https:\/\/rcr-pro.eu\/#website","url":"https:\/\/rcr-pro.eu\/","name":"Regionalni center za razvoj","description":"Projektna pisarna, \u010dlove\u0161ki viri, najem prostorov","publisher":{"@id":"https:\/\/rcr-pro.eu\/#organization"},"potentialAction":[{"@type":"SearchAction","target":{"@type":"EntryPoint","urlTemplate":"https:\/\/rcr-pro.eu\/?s={search_term_string}"},"query-input":{"@type":"PropertyValueSpecification","valueRequired":true,"valueName":"search_term_string"}}],"inLanguage":"en-US"},{"@type":"Organization","@id":"https:\/\/rcr-pro.eu\/#organization","name":"Regionalni center za razvoj","url":"https:\/\/rcr-pro.eu\/","logo":{"@type":"ImageObject","inLanguage":"en-US","@id":"https:\/\/rcr-pro.eu\/#\/schema\/logo\/image\/","url":"http:\/\/rcr-pro.eu\/wp-content\/uploads\/2017\/12\/RCR_logo.png","contentUrl":"http:\/\/rcr-pro.eu\/wp-content\/uploads\/2017\/12\/RCR_logo.png","width":352,"height":57,"caption":"Regionalni center za razvoj"},"image":{"@id":"https:\/\/rcr-pro.eu\/#\/schema\/logo\/image\/"}}]}},"_links":{"self":[{"href":"https:\/\/rcr-pro.eu\/en\/wp-json\/wp\/v2\/pages\/3130"}],"collection":[{"href":"https:\/\/rcr-pro.eu\/en\/wp-json\/wp\/v2\/pages"}],"about":[{"href":"https:\/\/rcr-pro.eu\/en\/wp-json\/wp\/v2\/types\/page"}],"author":[{"embeddable":true,"href":"https:\/\/rcr-pro.eu\/en\/wp-json\/wp\/v2\/users\/1"}],"replies":[{"embeddable":true,"href":"https:\/\/rcr-pro.eu\/en\/wp-json\/wp\/v2\/comments?post=3130"}],"version-history":[{"count":3,"href":"https:\/\/rcr-pro.eu\/en\/wp-json\/wp\/v2\/pages\/3130\/revisions"}],"predecessor-version":[{"id":3144,"href":"https:\/\/rcr-pro.eu\/en\/wp-json\/wp\/v2\/pages\/3130\/revisions\/3144"}],"wp:attachment":[{"href":"https:\/\/rcr-pro.eu\/en\/wp-json\/wp\/v2\/media?parent=3130"}],"curies":[{"name":"wp","href":"https:\/\/api.w.org\/{rel}","templated":true}]}}