{"id":3124,"date":"2017-12-16T14:45:26","date_gmt":"2017-12-16T13:45:26","guid":{"rendered":"http:\/\/rcr-pro.eu\/izkaznica-podjetja\/"},"modified":"2020-02-29T07:53:07","modified_gmt":"2020-02-29T06:53:07","slug":"company-info","status":"publish","type":"page","link":"https:\/\/rcr-pro.eu\/en\/company-info\/","title":{"rendered":"Company info"},"content":{"rendered":"<section class=\"wpb-content-wrapper\"><p>[vc_row][vc_column][dfd_spacer screen_wide_spacer_size=&#8221;80&#8243; screen_normal_resolution=&#8221;1024&#8243; screen_tablet_resolution=&#8221;800&#8243; screen_mobile_resolution=&#8221;480&#8243; screen_normal_spacer_size=&#8221;40&#8243; screen_tablet_spacer_size=&#8221;10&#8243; screen_mobile_spacer_size=&#8221;10&#8243;][vc_row_inner][vc_column_inner width=&#8221;1\/4&#8243;][dfd_animate_heading title=&#8221;Public information&#8221; subtitle=&#8221;&#8221; top_bottom_offset=&#8221;10&#8243; left_right_offset=&#8221;12&#8243; title_border_radius=&#8221;0&#8243; tutorials=&#8221;&#8221; title_font_options=&#8221;tag:h3&#8243;][dfd_spacer screen_wide_spacer_size=&#8221;30&#8243; screen_normal_resolution=&#8221;1024&#8243; screen_tablet_resolution=&#8221;800&#8243; screen_mobile_resolution=&#8221;480&#8243;][vc_column_text]Company registration number<br \/>\n<strong>5980968000<\/strong><\/p>\n<p>VAT identification number and tax number<br \/>\n<strong>SI 88960978<\/strong><\/p>\n<p>Business name<br \/>\n<strong>REGIONALNI CENTER ZA RAZVOJ d. o. o.<\/strong><\/p>\n<p>Abbreviated business name<br \/>\n<strong>RCR d. o. o.<\/strong><\/p>\n<p>&nbsp;<\/p>\n<p>City of establishment<br \/>\n<strong>Zagorje ob Savi<\/strong><\/p>\n<p>Business address<br \/>\n<strong>Podvine 36, 1410 Zagorje ob Savi<\/strong><\/p>\n<p>Legal form<br \/>\n<strong>Limited liability company (LLC)<\/strong>[\/vc_column_text][\/vc_column_inner][vc_column_inner width=&#8221;3\/4&#8243;][dfd_google_map map_style=&#8221;retro&#8221; location_list=&#8221;%5B%7B%22show_tooltip%22%3A%22infowindow%22%2C%22tooltip_show_setting%22%3A%22hide%22%2C%22marker_location%22%3A%22Podvine%2036%2C%201410%20Zagorje%20ob%20Savi%22%2C%22title_marker_content%22%3A%22RCR%20%22%2C%22location_list2%22%3A%22%255B%257B%257D%255D%22%7D%5D&#8221; auto_pan=&#8221;&#8221; zoom=&#8221;17&#8243; x_pan=&#8221;-200&#8243; y_pan=&#8221;-200&#8243; size=&#8221;500&#8243;][\/vc_column_inner][\/vc_row_inner][\/vc_column][\/vc_row][vc_row][vc_column][dfd_spacer screen_wide_spacer_size=&#8221;80&#8243; screen_normal_resolution=&#8221;1024&#8243; screen_tablet_resolution=&#8221;800&#8243; screen_mobile_resolution=&#8221;480&#8243; screen_normal_spacer_size=&#8221;40&#8243; screen_tablet_spacer_size=&#8221;10&#8243; screen_mobile_spacer_size=&#8221;10&#8243;][\/vc_column][\/vc_row]<\/p>\n<\/section>","protected":false},"excerpt":{"rendered":"<p>[vc_row][vc_column][dfd_spacer screen_wide_spacer_size=&#8221;80&#8243; screen_normal_resolution=&#8221;1024&#8243; screen_tablet_resolution=&#8221;800&#8243; screen_mobile_resolution=&#8221;480&#8243; screen_normal_spacer_size=&#8221;40&#8243; screen_tablet_spacer_size=&#8221;10&#8243; screen_mobile_spacer_size=&#8221;10&#8243;][vc_row_inner][vc_column_inner width=&#8221;1\/4&#8243;][dfd_animate_heading title=&#8221;Public information&#8221; subtitle=&#8221;&#8221; top_bottom_offset=&#8221;10&#8243; left_right_offset=&#8221;12&#8243; title_border_radius=&#8221;0&#8243; tutorials=&#8221;&#8221; title_font_options=&#8221;tag:h3&#8243;][dfd_spacer screen_wide_spacer_size=&#8221;30&#8243; screen_normal_resolution=&#8221;1024&#8243; screen_tablet_resolution=&#8221;800&#8243; screen_mobile_resolution=&#8221;480&#8243;][vc_column_text]Company registration number 5980968000 VAT identification number and tax number<\/p>\n","protected":false},"author":1,"featured_media":0,"parent":0,"menu_order":0,"comment_status":"closed","ping_status":"closed","template":"","meta":{"footnotes":""},"yoast_head":"<!-- This site is optimized with the Yoast SEO plugin v23.5 - https:\/\/yoast.com\/wordpress\/plugins\/seo\/ -->\n<title>RCR, regionalni center za razvoj, osnovni podatki o podjetju.<\/title>\n<meta name=\"description\" content=\"Regionalni center za razvo, RCR, skrbi za razvoj podjetni\u0161tva v Zasavju in \u0161ir\u0161e. Poleg projektne pisarne in razvoja \u010dlove\u0161kih virov nudi tudi podjetni\u0161ke in konferen\u010dne prostore. Ve\u010d informacij na 03 56 60 500.\" \/>\n<meta name=\"robots\" content=\"index, follow, max-snippet:-1, max-image-preview:large, max-video-preview:-1\" \/>\n<link rel=\"canonical\" href=\"https:\/\/rcr-pro.eu\/izkaznica-podjetja\/\" \/>\n<meta property=\"og:locale\" content=\"en_US\" \/>\n<meta property=\"og:type\" content=\"article\" \/>\n<meta property=\"og:title\" content=\"RCR, regionalni center za razvoj, osnovni podatki o podjetju.\" \/>\n<meta property=\"og:description\" content=\"Regionalni center za razvo, RCR, skrbi za razvoj podjetni\u0161tva v Zasavju in \u0161ir\u0161e. Poleg projektne pisarne in razvoja \u010dlove\u0161kih virov nudi tudi podjetni\u0161ke in konferen\u010dne prostore. Ve\u010d informacij na 03 56 60 500.\" \/>\n<meta property=\"og:url\" content=\"https:\/\/rcr-pro.eu\/izkaznica-podjetja\/\" \/>\n<meta property=\"og:site_name\" content=\"Regionalni center za razvoj\" \/>\n<meta property=\"article:modified_time\" content=\"2020-02-29T06:53:07+00:00\" \/>\n<meta name=\"twitter:card\" content=\"summary_large_image\" \/>\n<meta name=\"twitter:label1\" content=\"Est. reading time\" \/>\n\t<meta name=\"twitter:data1\" content=\"1 minute\" \/>\n<script type=\"application\/ld+json\" class=\"yoast-schema-graph\">{\"@context\":\"https:\/\/schema.org\",\"@graph\":[{\"@type\":\"WebPage\",\"@id\":\"https:\/\/rcr-pro.eu\/izkaznica-podjetja\/\",\"url\":\"https:\/\/rcr-pro.eu\/izkaznica-podjetja\/\",\"name\":\"RCR, regionalni center za razvoj, osnovni podatki o podjetju.\",\"isPartOf\":{\"@id\":\"https:\/\/rcr-pro.eu\/#website\"},\"datePublished\":\"2017-12-16T13:45:26+00:00\",\"dateModified\":\"2020-02-29T06:53:07+00:00\",\"description\":\"Regionalni center za razvo, RCR, skrbi za razvoj podjetni\u0161tva v Zasavju in \u0161ir\u0161e. Poleg projektne pisarne in razvoja \u010dlove\u0161kih virov nudi tudi podjetni\u0161ke in konferen\u010dne prostore. Ve\u010d informacij na 03 56 60 500.\",\"breadcrumb\":{\"@id\":\"https:\/\/rcr-pro.eu\/izkaznica-podjetja\/#breadcrumb\"},\"inLanguage\":\"en-US\",\"potentialAction\":[{\"@type\":\"ReadAction\",\"target\":[\"https:\/\/rcr-pro.eu\/izkaznica-podjetja\/\"]}]},{\"@type\":\"BreadcrumbList\",\"@id\":\"https:\/\/rcr-pro.eu\/izkaznica-podjetja\/#breadcrumb\",\"itemListElement\":[{\"@type\":\"ListItem\",\"position\":1,\"name\":\"Home\",\"item\":\"https:\/\/rcr-pro.eu\/\"},{\"@type\":\"ListItem\",\"position\":2,\"name\":\"Company info\"}]},{\"@type\":\"WebSite\",\"@id\":\"https:\/\/rcr-pro.eu\/#website\",\"url\":\"https:\/\/rcr-pro.eu\/\",\"name\":\"Regionalni center za razvoj\",\"description\":\"Projektna pisarna, \u010dlove\u0161ki viri, najem prostorov\",\"publisher\":{\"@id\":\"https:\/\/rcr-pro.eu\/#organization\"},\"potentialAction\":[{\"@type\":\"SearchAction\",\"target\":{\"@type\":\"EntryPoint\",\"urlTemplate\":\"https:\/\/rcr-pro.eu\/?s={search_term_string}\"},\"query-input\":{\"@type\":\"PropertyValueSpecification\",\"valueRequired\":true,\"valueName\":\"search_term_string\"}}],\"inLanguage\":\"en-US\"},{\"@type\":\"Organization\",\"@id\":\"https:\/\/rcr-pro.eu\/#organization\",\"name\":\"Regionalni center za razvoj\",\"url\":\"https:\/\/rcr-pro.eu\/\",\"logo\":{\"@type\":\"ImageObject\",\"inLanguage\":\"en-US\",\"@id\":\"https:\/\/rcr-pro.eu\/#\/schema\/logo\/image\/\",\"url\":\"http:\/\/rcr-pro.eu\/wp-content\/uploads\/2017\/12\/RCR_logo.png\",\"contentUrl\":\"http:\/\/rcr-pro.eu\/wp-content\/uploads\/2017\/12\/RCR_logo.png\",\"width\":352,\"height\":57,\"caption\":\"Regionalni center za razvoj\"},\"image\":{\"@id\":\"https:\/\/rcr-pro.eu\/#\/schema\/logo\/image\/\"}}]}<\/script>\n<!-- \/ Yoast SEO plugin. -->","yoast_head_json":{"title":"RCR, regionalni center za razvoj, osnovni podatki o podjetju.","description":"Regionalni center za razvo, RCR, skrbi za razvoj podjetni\u0161tva v Zasavju in \u0161ir\u0161e. Poleg projektne pisarne in razvoja \u010dlove\u0161kih virov nudi tudi podjetni\u0161ke in konferen\u010dne prostore. Ve\u010d informacij na 03 56 60 500.","robots":{"index":"index","follow":"follow","max-snippet":"max-snippet:-1","max-image-preview":"max-image-preview:large","max-video-preview":"max-video-preview:-1"},"canonical":"https:\/\/rcr-pro.eu\/izkaznica-podjetja\/","og_locale":"en_US","og_type":"article","og_title":"RCR, regionalni center za razvoj, osnovni podatki o podjetju.","og_description":"Regionalni center za razvo, RCR, skrbi za razvoj podjetni\u0161tva v Zasavju in \u0161ir\u0161e. Poleg projektne pisarne in razvoja \u010dlove\u0161kih virov nudi tudi podjetni\u0161ke in konferen\u010dne prostore. Ve\u010d informacij na 03 56 60 500.","og_url":"https:\/\/rcr-pro.eu\/izkaznica-podjetja\/","og_site_name":"Regionalni center za razvoj","article_modified_time":"2020-02-29T06:53:07+00:00","twitter_card":"summary_large_image","twitter_misc":{"Est. reading time":"1 minute"},"schema":{"@context":"https:\/\/schema.org","@graph":[{"@type":"WebPage","@id":"https:\/\/rcr-pro.eu\/izkaznica-podjetja\/","url":"https:\/\/rcr-pro.eu\/izkaznica-podjetja\/","name":"RCR, regionalni center za razvoj, osnovni podatki o podjetju.","isPartOf":{"@id":"https:\/\/rcr-pro.eu\/#website"},"datePublished":"2017-12-16T13:45:26+00:00","dateModified":"2020-02-29T06:53:07+00:00","description":"Regionalni center za razvo, RCR, skrbi za razvoj podjetni\u0161tva v Zasavju in \u0161ir\u0161e. Poleg projektne pisarne in razvoja \u010dlove\u0161kih virov nudi tudi podjetni\u0161ke in konferen\u010dne prostore. Ve\u010d informacij na 03 56 60 500.","breadcrumb":{"@id":"https:\/\/rcr-pro.eu\/izkaznica-podjetja\/#breadcrumb"},"inLanguage":"en-US","potentialAction":[{"@type":"ReadAction","target":["https:\/\/rcr-pro.eu\/izkaznica-podjetja\/"]}]},{"@type":"BreadcrumbList","@id":"https:\/\/rcr-pro.eu\/izkaznica-podjetja\/#breadcrumb","itemListElement":[{"@type":"ListItem","position":1,"name":"Home","item":"https:\/\/rcr-pro.eu\/"},{"@type":"ListItem","position":2,"name":"Company info"}]},{"@type":"WebSite","@id":"https:\/\/rcr-pro.eu\/#website","url":"https:\/\/rcr-pro.eu\/","name":"Regionalni center za razvoj","description":"Projektna pisarna, \u010dlove\u0161ki viri, najem prostorov","publisher":{"@id":"https:\/\/rcr-pro.eu\/#organization"},"potentialAction":[{"@type":"SearchAction","target":{"@type":"EntryPoint","urlTemplate":"https:\/\/rcr-pro.eu\/?s={search_term_string}"},"query-input":{"@type":"PropertyValueSpecification","valueRequired":true,"valueName":"search_term_string"}}],"inLanguage":"en-US"},{"@type":"Organization","@id":"https:\/\/rcr-pro.eu\/#organization","name":"Regionalni center za razvoj","url":"https:\/\/rcr-pro.eu\/","logo":{"@type":"ImageObject","inLanguage":"en-US","@id":"https:\/\/rcr-pro.eu\/#\/schema\/logo\/image\/","url":"http:\/\/rcr-pro.eu\/wp-content\/uploads\/2017\/12\/RCR_logo.png","contentUrl":"http:\/\/rcr-pro.eu\/wp-content\/uploads\/2017\/12\/RCR_logo.png","width":352,"height":57,"caption":"Regionalni center za razvoj"},"image":{"@id":"https:\/\/rcr-pro.eu\/#\/schema\/logo\/image\/"}}]}},"_links":{"self":[{"href":"https:\/\/rcr-pro.eu\/en\/wp-json\/wp\/v2\/pages\/3124"}],"collection":[{"href":"https:\/\/rcr-pro.eu\/en\/wp-json\/wp\/v2\/pages"}],"about":[{"href":"https:\/\/rcr-pro.eu\/en\/wp-json\/wp\/v2\/types\/page"}],"author":[{"embeddable":true,"href":"https:\/\/rcr-pro.eu\/en\/wp-json\/wp\/v2\/users\/1"}],"replies":[{"embeddable":true,"href":"https:\/\/rcr-pro.eu\/en\/wp-json\/wp\/v2\/comments?post=3124"}],"version-history":[{"count":2,"href":"https:\/\/rcr-pro.eu\/en\/wp-json\/wp\/v2\/pages\/3124\/revisions"}],"predecessor-version":[{"id":3126,"href":"https:\/\/rcr-pro.eu\/en\/wp-json\/wp\/v2\/pages\/3124\/revisions\/3126"}],"wp:attachment":[{"href":"https:\/\/rcr-pro.eu\/en\/wp-json\/wp\/v2\/media?parent=3124"}],"curies":[{"name":"wp","href":"https:\/\/api.w.org\/{rel}","templated":true}]}}